{"id":68,"date":"2025-12-08T12:27:58","date_gmt":"2025-12-08T11:27:58","guid":{"rendered":"https:\/\/www.egpn.fr\/salon-environnement\/aixenprovence\/?page_id=68"},"modified":"2026-02-23T19:00:00","modified_gmt":"2026-02-23T18:00:00","slug":"programme","status":"publish","type":"page","link":"https:\/\/www.egpn.fr\/salon-environnement\/aixenprovence\/programme\/","title":{"rendered":"Programme"},"content":{"rendered":"\t\t<div data-elementor-type=\"wp-page\" data-elementor-id=\"68\" class=\"elementor elementor-68\">\n\t\t\t\t\t\t<section class=\"elementor-section elementor-top-section elementor-element elementor-element-a1fd07f elementor-section-boxed elementor-section-height-default elementor-section-height-default wpr-particle-no wpr-jarallax-no wpr-parallax-no wpr-sticky-section-no wpr-column-slider-no wpr-equal-height-no\" data-id=\"a1fd07f\" data-element_type=\"section\" data-e-type=\"section\">\n\t\t\t\t\t\t<div class=\"elementor-container elementor-column-gap-default\">\n\t\t\t\t\t<div class=\"elementor-column elementor-col-50 elementor-top-column elementor-element elementor-element-028a82d\" data-id=\"028a82d\" data-element_type=\"column\" data-e-type=\"column\">\n\t\t\t<div class=\"elementor-widget-wrap elementor-element-populated\">\n\t\t\t\t\t\t<div class=\"elementor-element elementor-element-bc57eca elementor-widget elementor-widget-text-editor\" data-id=\"bc57eca\" data-element_type=\"widget\" data-e-type=\"widget\" data-widget_type=\"text-editor.default\">\n\t\t\t\t<div class=\"elementor-widget-container\">\n\t\t\t\t\t\t\t\t\t<p class=\"p1\"><b>Vendredi 06 mars<\/b><\/p><p class=\"p1\">Cette journ\u00e9e sera d\u00e9di\u00e9e \u00e0 l\u2019accueil de groupes scolaires et de professionnels du domaine de l\u2019environnement. Les \u00e9l\u00e8ves seront invit\u00e9s \u00e0 d\u00e9couvrir et \u00e0 comprendre les enjeux li\u00e9s au monde nocturne \u00e0 travers un programme d\u2019activit\u00e9s vari\u00e9es. Des <strong>ateliers interactifs<\/strong> et des <strong>conf\u00e9rences p\u00e9dagogiques<\/strong> <strong>et<\/strong> <strong>scientifiques<\/strong> seront propos\u00e9s pour s\u2019adapter \u00e0 ces deux types de public. Cette approche immersive vise \u00e0 \u00e9veiller la curiosit\u00e9 des plus jeunes, et \u00e0 favoriser l\u2019\u00e9change et le partage des connaissances avec des professionnels de l\u2019environnement.<\/p>\t\t\t\t\t\t\t\t<\/div>\n\t\t\t\t<\/div>\n\t\t\t\t\t<\/div>\n\t\t<\/div>\n\t\t\t\t<div class=\"elementor-column elementor-col-50 elementor-top-column elementor-element elementor-element-0c05c1d\" data-id=\"0c05c1d\" data-element_type=\"column\" data-e-type=\"column\">\n\t\t\t<div class=\"elementor-widget-wrap elementor-element-populated\">\n\t\t\t\t\t\t<div class=\"elementor-element elementor-element-0d57e89 elementor-widget elementor-widget-image\" data-id=\"0d57e89\" data-element_type=\"widget\" data-e-type=\"widget\" data-widget_type=\"image.default\">\n\t\t\t\t<div class=\"elementor-widget-container\">\n\t\t\t\t\t\t\t\t\t\t\t\t\t\t\t<img fetchpriority=\"high\" decoding=\"async\" width=\"500\" height=\"400\" src=\"https:\/\/www.egpn.fr\/salon-environnement\/aixenprovence\/wp-content\/uploads\/sites\/3\/2026\/01\/scolaire-2-500x400.jpg\" class=\"attachment-bizberg_gallery size-bizberg_gallery wp-image-387\" alt=\"\" \/>\t\t\t\t\t\t\t\t\t\t\t\t\t\t\t<\/div>\n\t\t\t\t<\/div>\n\t\t\t\t\t<\/div>\n\t\t<\/div>\n\t\t\t\t\t<\/div>\n\t\t<\/section>\n\t\t\t\t<section class=\"elementor-section elementor-top-section elementor-element elementor-element-2821595 elementor-section-boxed elementor-section-height-default elementor-section-height-default wpr-particle-no wpr-jarallax-no wpr-parallax-no wpr-sticky-section-no wpr-column-slider-no wpr-equal-height-no\" data-id=\"2821595\" data-element_type=\"section\" data-e-type=\"section\">\n\t\t\t\t\t\t<div class=\"elementor-container elementor-column-gap-default\">\n\t\t\t\t\t<div class=\"elementor-column elementor-col-100 elementor-top-column elementor-element elementor-element-d444e73\" data-id=\"d444e73\" data-element_type=\"column\" data-e-type=\"column\">\n\t\t\t<div class=\"elementor-widget-wrap elementor-element-populated\">\n\t\t\t\t\t\t<div class=\"elementor-element elementor-element-54318e7 elementor-widget elementor-widget-spacer\" data-id=\"54318e7\" data-element_type=\"widget\" data-e-type=\"widget\" data-widget_type=\"spacer.default\">\n\t\t\t\t<div class=\"elementor-widget-container\">\n\t\t\t\t\t\t\t<div class=\"elementor-spacer\">\n\t\t\t<div class=\"elementor-spacer-inner\"><\/div>\n\t\t<\/div>\n\t\t\t\t\t\t<\/div>\n\t\t\t\t<\/div>\n\t\t\t\t\t<\/div>\n\t\t<\/div>\n\t\t\t\t\t<\/div>\n\t\t<\/section>\n\t\t\t\t<section class=\"elementor-section elementor-top-section elementor-element elementor-element-452ac9f elementor-section-boxed elementor-section-height-default elementor-section-height-default wpr-particle-no wpr-jarallax-no wpr-parallax-no wpr-sticky-section-no wpr-column-slider-no wpr-equal-height-no\" data-id=\"452ac9f\" data-element_type=\"section\" data-e-type=\"section\">\n\t\t\t\t\t\t<div class=\"elementor-container elementor-column-gap-default\">\n\t\t\t\t\t<div class=\"elementor-column elementor-col-50 elementor-top-column elementor-element elementor-element-f0e2339\" data-id=\"f0e2339\" data-element_type=\"column\" data-e-type=\"column\">\n\t\t\t<div class=\"elementor-widget-wrap elementor-element-populated\">\n\t\t\t\t\t\t<div class=\"elementor-element elementor-element-9e316bc elementor-widget elementor-widget-image\" data-id=\"9e316bc\" data-element_type=\"widget\" data-e-type=\"widget\" data-widget_type=\"image.default\">\n\t\t\t\t<div class=\"elementor-widget-container\">\n\t\t\t\t\t\t\t\t\t\t\t\t\t\t\t<img decoding=\"async\" width=\"500\" height=\"400\" src=\"https:\/\/www.egpn.fr\/salon-environnement\/aixenprovence\/wp-content\/uploads\/sites\/3\/2026\/01\/adulte-2-500x400.jpg\" class=\"attachment-bizberg_gallery size-bizberg_gallery wp-image-388\" alt=\"\" \/>\t\t\t\t\t\t\t\t\t\t\t\t\t\t\t<\/div>\n\t\t\t\t<\/div>\n\t\t\t\t\t<\/div>\n\t\t<\/div>\n\t\t\t\t<div class=\"elementor-column elementor-col-50 elementor-top-column elementor-element elementor-element-8fe3c27\" data-id=\"8fe3c27\" data-element_type=\"column\" data-e-type=\"column\">\n\t\t\t<div class=\"elementor-widget-wrap elementor-element-populated\">\n\t\t\t\t\t\t<div class=\"elementor-element elementor-element-87c7816 elementor-widget elementor-widget-text-editor\" data-id=\"87c7816\" data-element_type=\"widget\" data-e-type=\"widget\" data-widget_type=\"text-editor.default\">\n\t\t\t\t<div class=\"elementor-widget-container\">\n\t\t\t\t\t\t\t\t\t<p class=\"p1\"><b>Samedi 07 mars<\/b><\/p><p class=\"p1\">Cette journ\u00e9e sera consacr\u00e9e \u00e0 l\u2019accueil du grand public. Tout au long de la journ\u00e9e, des ateliers participatifs et des conf\u00e9rences sur plusieurs th\u00e9matiques permettront aux visiteurs de d\u00e9couvrir les enjeux li\u00e9s au monde nocturne. Adapt\u00e9 \u00e0 tous les \u00e2ges, ce programme offrira un espace d\u2019\u00e9change avec des professionnels de l\u2019environnement, favorisant la sensibilisation, la compr\u00e9hension et l\u2019engagement du public autour de la biodiversit\u00e9 nocturne et de sa protection.<\/p>\t\t\t\t\t\t\t\t<\/div>\n\t\t\t\t<\/div>\n\t\t\t\t\t<\/div>\n\t\t<\/div>\n\t\t\t\t\t<\/div>\n\t\t<\/section>\n\t\t\t\t<section class=\"elementor-section elementor-top-section elementor-element elementor-element-e7f8e02 elementor-section-boxed elementor-section-height-default elementor-section-height-default wpr-particle-no wpr-jarallax-no wpr-parallax-no wpr-sticky-section-no wpr-column-slider-no wpr-equal-height-no\" data-id=\"e7f8e02\" data-element_type=\"section\" data-e-type=\"section\">\n\t\t\t\t\t\t<div class=\"elementor-container elementor-column-gap-default\">\n\t\t\t\t\t<div class=\"elementor-column elementor-col-100 elementor-top-column elementor-element elementor-element-beb519b\" data-id=\"beb519b\" data-element_type=\"column\" data-e-type=\"column\">\n\t\t\t<div class=\"elementor-widget-wrap elementor-element-populated\">\n\t\t\t\t\t\t<div class=\"elementor-element elementor-element-bfb5630 elementor-widget elementor-widget-heading\" data-id=\"bfb5630\" data-element_type=\"widget\" data-e-type=\"widget\" data-widget_type=\"heading.default\">\n\t\t\t\t<div class=\"elementor-widget-container\">\n\t\t\t\t\t<h3 class=\"elementor-heading-title elementor-size-default\">Programme complet<\/h3>\t\t\t\t<\/div>\n\t\t\t\t<\/div>\n\t\t\t\t\t<\/div>\n\t\t<\/div>\n\t\t\t\t\t<\/div>\n\t\t<\/section>\n\t\t\t\t<section class=\"elementor-section elementor-top-section elementor-element elementor-element-96c62a0 elementor-section-boxed elementor-section-height-default elementor-section-height-default wpr-particle-no wpr-jarallax-no wpr-parallax-no wpr-sticky-section-no wpr-column-slider-no wpr-equal-height-no\" data-id=\"96c62a0\" data-element_type=\"section\" data-e-type=\"section\">\n\t\t\t\t\t\t<div class=\"elementor-container elementor-column-gap-default\">\n\t\t\t\t\t<div class=\"elementor-column elementor-col-100 elementor-top-column elementor-element elementor-element-d5c66c5\" data-id=\"d5c66c5\" data-element_type=\"column\" data-e-type=\"column\">\n\t\t\t<div class=\"elementor-widget-wrap elementor-element-populated\">\n\t\t\t\t\t\t<div class=\"elementor-element elementor-element-29ee149 elementor-widget elementor-widget-image\" data-id=\"29ee149\" data-element_type=\"widget\" data-e-type=\"widget\" data-widget_type=\"image.default\">\n\t\t\t\t<div class=\"elementor-widget-container\">\n\t\t\t\t\t\t\t\t\t\t\t\t\t\t\t<img decoding=\"async\" width=\"640\" height=\"905\" src=\"https:\/\/www.egpn.fr\/salon-environnement\/aixenprovence\/wp-content\/uploads\/sites\/3\/2026\/02\/1-724x1024.png\" class=\"attachment-large size-large wp-image-642\" alt=\"\" srcset=\"https:\/\/www.egpn.fr\/salon-environnement\/aixenprovence\/wp-content\/uploads\/sites\/3\/2026\/02\/1-724x1024.png 724w, https:\/\/www.egpn.fr\/salon-environnement\/aixenprovence\/wp-content\/uploads\/sites\/3\/2026\/02\/1-212x300.png 212w, https:\/\/www.egpn.fr\/salon-environnement\/aixenprovence\/wp-content\/uploads\/sites\/3\/2026\/02\/1-768x1086.png 768w, https:\/\/www.egpn.fr\/salon-environnement\/aixenprovence\/wp-content\/uploads\/sites\/3\/2026\/02\/1-1086x1536.png 1086w, https:\/\/www.egpn.fr\/salon-environnement\/aixenprovence\/wp-content\/uploads\/sites\/3\/2026\/02\/1-1448x2048.png 1448w, https:\/\/www.egpn.fr\/salon-environnement\/aixenprovence\/wp-content\/uploads\/sites\/3\/2026\/02\/1-600x848.png 600w, https:\/\/www.egpn.fr\/salon-environnement\/aixenprovence\/wp-content\/uploads\/sites\/3\/2026\/02\/1-scaled.png 1811w\" sizes=\"(max-width: 640px) 100vw, 640px\" \/>\t\t\t\t\t\t\t\t\t\t\t\t\t\t\t<\/div>\n\t\t\t\t<\/div>\n\t\t\t\t\t<\/div>\n\t\t<\/div>\n\t\t\t\t\t<\/div>\n\t\t<\/section>\n\t\t\t\t<section class=\"elementor-section elementor-top-section elementor-element elementor-element-d5d57d5 elementor-section-boxed elementor-section-height-default elementor-section-height-default wpr-particle-no wpr-jarallax-no wpr-parallax-no wpr-sticky-section-no wpr-column-slider-no wpr-equal-height-no\" data-id=\"d5d57d5\" data-element_type=\"section\" data-e-type=\"section\">\n\t\t\t\t\t\t<div class=\"elementor-container elementor-column-gap-default\">\n\t\t\t\t\t<div class=\"elementor-column elementor-col-100 elementor-top-column elementor-element elementor-element-9ba3d4d\" data-id=\"9ba3d4d\" data-element_type=\"column\" data-e-type=\"column\">\n\t\t\t<div class=\"elementor-widget-wrap elementor-element-populated\">\n\t\t\t\t\t\t<div class=\"elementor-element elementor-element-b0f653a elementor-widget elementor-widget-image\" data-id=\"b0f653a\" data-element_type=\"widget\" data-e-type=\"widget\" data-widget_type=\"image.default\">\n\t\t\t\t<div class=\"elementor-widget-container\">\n\t\t\t\t\t\t\t\t\t\t\t\t\t\t\t<img loading=\"lazy\" decoding=\"async\" width=\"640\" height=\"905\" src=\"https:\/\/www.egpn.fr\/salon-environnement\/aixenprovence\/wp-content\/uploads\/sites\/3\/2026\/02\/2-724x1024.png\" class=\"attachment-large size-large wp-image-644\" alt=\"\" srcset=\"https:\/\/www.egpn.fr\/salon-environnement\/aixenprovence\/wp-content\/uploads\/sites\/3\/2026\/02\/2-724x1024.png 724w, https:\/\/www.egpn.fr\/salon-environnement\/aixenprovence\/wp-content\/uploads\/sites\/3\/2026\/02\/2-212x300.png 212w, https:\/\/www.egpn.fr\/salon-environnement\/aixenprovence\/wp-content\/uploads\/sites\/3\/2026\/02\/2-768x1086.png 768w, https:\/\/www.egpn.fr\/salon-environnement\/aixenprovence\/wp-content\/uploads\/sites\/3\/2026\/02\/2-1086x1536.png 1086w, https:\/\/www.egpn.fr\/salon-environnement\/aixenprovence\/wp-content\/uploads\/sites\/3\/2026\/02\/2-1448x2048.png 1448w, https:\/\/www.egpn.fr\/salon-environnement\/aixenprovence\/wp-content\/uploads\/sites\/3\/2026\/02\/2-600x848.png 600w, https:\/\/www.egpn.fr\/salon-environnement\/aixenprovence\/wp-content\/uploads\/sites\/3\/2026\/02\/2-scaled.png 1811w\" sizes=\"(max-width: 640px) 100vw, 640px\" \/>\t\t\t\t\t\t\t\t\t\t\t\t\t\t\t<\/div>\n\t\t\t\t<\/div>\n\t\t\t\t\t<\/div>\n\t\t<\/div>\n\t\t\t\t\t<\/div>\n\t\t<\/section>\n\t\t\t\t<section class=\"elementor-section elementor-top-section elementor-element elementor-element-3f83886 elementor-section-boxed elementor-section-height-default elementor-section-height-default wpr-particle-no wpr-jarallax-no wpr-parallax-no wpr-sticky-section-no wpr-column-slider-no wpr-equal-height-no\" data-id=\"3f83886\" data-element_type=\"section\" data-e-type=\"section\">\n\t\t\t\t\t\t<div class=\"elementor-container elementor-column-gap-default\">\n\t\t\t\t\t<div class=\"elementor-column elementor-col-100 elementor-top-column elementor-element elementor-element-b6a0218\" data-id=\"b6a0218\" data-element_type=\"column\" data-e-type=\"column\">\n\t\t\t<div class=\"elementor-widget-wrap elementor-element-populated\">\n\t\t\t\t\t\t<div class=\"elementor-element elementor-element-1d486ab elementor-widget elementor-widget-spacer\" data-id=\"1d486ab\" data-element_type=\"widget\" data-e-type=\"widget\" data-widget_type=\"spacer.default\">\n\t\t\t\t<div class=\"elementor-widget-container\">\n\t\t\t\t\t\t\t<div class=\"elementor-spacer\">\n\t\t\t<div class=\"elementor-spacer-inner\"><\/div>\n\t\t<\/div>\n\t\t\t\t\t\t<\/div>\n\t\t\t\t<\/div>\n\t\t\t\t\t<\/div>\n\t\t<\/div>\n\t\t\t\t\t<\/div>\n\t\t<\/section>\n\t\t\t\t<section class=\"elementor-section elementor-top-section elementor-element elementor-element-064dce0 elementor-section-boxed elementor-section-height-default elementor-section-height-default wpr-particle-no wpr-jarallax-no wpr-parallax-no wpr-sticky-section-no wpr-column-slider-no wpr-equal-height-no\" data-id=\"064dce0\" data-element_type=\"section\" data-e-type=\"section\">\n\t\t\t\t\t\t<div class=\"elementor-container elementor-column-gap-default\">\n\t\t\t\t\t<div class=\"elementor-column elementor-col-100 elementor-top-column elementor-element elementor-element-eb3c6bf\" data-id=\"eb3c6bf\" data-element_type=\"column\" data-e-type=\"column\">\n\t\t\t<div class=\"elementor-widget-wrap elementor-element-populated\">\n\t\t\t\t\t\t<div class=\"elementor-element elementor-element-8602437 elementor-widget elementor-widget-image\" data-id=\"8602437\" data-element_type=\"widget\" data-e-type=\"widget\" data-widget_type=\"image.default\">\n\t\t\t\t<div class=\"elementor-widget-container\">\n\t\t\t\t\t\t\t\t\t\t\t\t\t\t\t<img loading=\"lazy\" decoding=\"async\" width=\"640\" height=\"905\" src=\"https:\/\/www.egpn.fr\/salon-environnement\/aixenprovence\/wp-content\/uploads\/sites\/3\/2026\/02\/3-724x1024.png\" class=\"attachment-large size-large wp-image-645\" alt=\"\" srcset=\"https:\/\/www.egpn.fr\/salon-environnement\/aixenprovence\/wp-content\/uploads\/sites\/3\/2026\/02\/3-724x1024.png 724w, https:\/\/www.egpn.fr\/salon-environnement\/aixenprovence\/wp-content\/uploads\/sites\/3\/2026\/02\/3-212x300.png 212w, https:\/\/www.egpn.fr\/salon-environnement\/aixenprovence\/wp-content\/uploads\/sites\/3\/2026\/02\/3-768x1086.png 768w, https:\/\/www.egpn.fr\/salon-environnement\/aixenprovence\/wp-content\/uploads\/sites\/3\/2026\/02\/3-1086x1536.png 1086w, https:\/\/www.egpn.fr\/salon-environnement\/aixenprovence\/wp-content\/uploads\/sites\/3\/2026\/02\/3-1448x2048.png 1448w, https:\/\/www.egpn.fr\/salon-environnement\/aixenprovence\/wp-content\/uploads\/sites\/3\/2026\/02\/3-600x848.png 600w, https:\/\/www.egpn.fr\/salon-environnement\/aixenprovence\/wp-content\/uploads\/sites\/3\/2026\/02\/3-scaled.png 1811w\" sizes=\"(max-width: 640px) 100vw, 640px\" \/>\t\t\t\t\t\t\t\t\t\t\t\t\t\t\t<\/div>\n\t\t\t\t<\/div>\n\t\t\t\t\t<\/div>\n\t\t<\/div>\n\t\t\t\t\t<\/div>\n\t\t<\/section>\n\t\t\t\t<section class=\"elementor-section elementor-top-section elementor-element elementor-element-695fe1f elementor-section-boxed elementor-section-height-default elementor-section-height-default wpr-particle-no wpr-jarallax-no wpr-parallax-no wpr-sticky-section-no wpr-column-slider-no wpr-equal-height-no\" data-id=\"695fe1f\" data-element_type=\"section\" data-e-type=\"section\">\n\t\t\t\t\t\t<div class=\"elementor-container elementor-column-gap-default\">\n\t\t\t\t\t<div class=\"elementor-column elementor-col-100 elementor-top-column elementor-element elementor-element-01e0ce2\" data-id=\"01e0ce2\" data-element_type=\"column\" data-e-type=\"column\">\n\t\t\t<div class=\"elementor-widget-wrap elementor-element-populated\">\n\t\t\t\t\t\t<div class=\"elementor-element elementor-element-844ff16 elementor-widget elementor-widget-image\" data-id=\"844ff16\" data-element_type=\"widget\" data-e-type=\"widget\" data-widget_type=\"image.default\">\n\t\t\t\t<div class=\"elementor-widget-container\">\n\t\t\t\t\t\t\t\t\t\t\t\t\t\t\t<img loading=\"lazy\" decoding=\"async\" width=\"640\" height=\"905\" src=\"https:\/\/www.egpn.fr\/salon-environnement\/aixenprovence\/wp-content\/uploads\/sites\/3\/2026\/02\/4-724x1024.png\" class=\"attachment-large size-large wp-image-643\" alt=\"\" srcset=\"https:\/\/www.egpn.fr\/salon-environnement\/aixenprovence\/wp-content\/uploads\/sites\/3\/2026\/02\/4-724x1024.png 724w, https:\/\/www.egpn.fr\/salon-environnement\/aixenprovence\/wp-content\/uploads\/sites\/3\/2026\/02\/4-212x300.png 212w, https:\/\/www.egpn.fr\/salon-environnement\/aixenprovence\/wp-content\/uploads\/sites\/3\/2026\/02\/4-768x1086.png 768w, https:\/\/www.egpn.fr\/salon-environnement\/aixenprovence\/wp-content\/uploads\/sites\/3\/2026\/02\/4-1086x1536.png 1086w, https:\/\/www.egpn.fr\/salon-environnement\/aixenprovence\/wp-content\/uploads\/sites\/3\/2026\/02\/4-1448x2048.png 1448w, https:\/\/www.egpn.fr\/salon-environnement\/aixenprovence\/wp-content\/uploads\/sites\/3\/2026\/02\/4-600x848.png 600w, https:\/\/www.egpn.fr\/salon-environnement\/aixenprovence\/wp-content\/uploads\/sites\/3\/2026\/02\/4-scaled.png 1811w\" sizes=\"(max-width: 640px) 100vw, 640px\" \/>\t\t\t\t\t\t\t\t\t\t\t\t\t\t\t<\/div>\n\t\t\t\t<\/div>\n\t\t\t\t\t<\/div>\n\t\t<\/div>\n\t\t\t\t\t<\/div>\n\t\t<\/section>\n\t\t\t\t<section class=\"elementor-section elementor-top-section elementor-element elementor-element-e4585d0 elementor-section-boxed elementor-section-height-default elementor-section-height-default wpr-particle-no wpr-jarallax-no wpr-parallax-no wpr-sticky-section-no wpr-column-slider-no wpr-equal-height-no\" data-id=\"e4585d0\" data-element_type=\"section\" data-e-type=\"section\">\n\t\t\t\t\t\t<div class=\"elementor-container elementor-column-gap-default\">\n\t\t\t\t\t<div class=\"elementor-column elementor-col-100 elementor-top-column elementor-element elementor-element-4ec6ed4\" data-id=\"4ec6ed4\" data-element_type=\"column\" data-e-type=\"column\">\n\t\t\t<div class=\"elementor-widget-wrap elementor-element-populated\">\n\t\t\t\t\t\t<div class=\"elementor-element elementor-element-a97e715 elementor-widget elementor-widget-heading\" data-id=\"a97e715\" data-element_type=\"widget\" data-e-type=\"widget\" data-widget_type=\"heading.default\">\n\t\t\t\t<div class=\"elementor-widget-container\">\n\t\t\t\t\t<h3 class=\"elementor-heading-title elementor-size-default\">Retrouvez nous ici <\/h3>\t\t\t\t<\/div>\n\t\t\t\t<\/div>\n\t\t\t\t\t<\/div>\n\t\t<\/div>\n\t\t\t\t\t<\/div>\n\t\t<\/section>\n\t\t\t\t<section class=\"elementor-section elementor-top-section elementor-element elementor-element-ec2095c elementor-section-boxed elementor-section-height-default elementor-section-height-default wpr-particle-no wpr-jarallax-no wpr-parallax-no wpr-sticky-section-no wpr-column-slider-no wpr-equal-height-no\" data-id=\"ec2095c\" data-element_type=\"section\" data-e-type=\"section\">\n\t\t\t\t\t\t<div class=\"elementor-container elementor-column-gap-default\">\n\t\t\t\t\t<div class=\"elementor-column elementor-col-100 elementor-top-column elementor-element elementor-element-10e7058\" data-id=\"10e7058\" data-element_type=\"column\" data-e-type=\"column\">\n\t\t\t<div class=\"elementor-widget-wrap elementor-element-populated\">\n\t\t\t\t\t\t<div class=\"elementor-element elementor-element-2061c97 elementor-widget elementor-widget-google_maps\" data-id=\"2061c97\" data-element_type=\"widget\" data-e-type=\"widget\" data-widget_type=\"google_maps.default\">\n\t\t\t\t<div class=\"elementor-widget-container\">\n\t\t\t\t\t\t\t<div class=\"elementor-custom-embed\">\n\t\t\t<iframe loading=\"lazy\"\n\t\t\t\t\tsrc=\"https:\/\/maps.google.com\/maps?q=350%20Avenue%20du%20Club%20Hippique%2C%2013090%20Aix-en-Provence&#038;t=m&#038;z=14&#038;output=embed&#038;iwloc=near\"\n\t\t\t\t\ttitle=\"350 Avenue du Club Hippique, 13090 Aix-en-Provence\"\n\t\t\t\t\taria-label=\"350 Avenue du Club Hippique, 13090 Aix-en-Provence\"\n\t\t\t><\/iframe>\n\t\t<\/div>\n\t\t\t\t\t\t<\/div>\n\t\t\t\t<\/div>\n\t\t\t\t\t<\/div>\n\t\t<\/div>\n\t\t\t\t\t<\/div>\n\t\t<\/section>\n\t\t\t\t<\/div>\n\t\t","protected":false},"excerpt":{"rendered":"<p>Vendredi 06 mars Cette journ\u00e9e sera d\u00e9di\u00e9e \u00e0 l\u2019accueil de groupes scolaires et de professionnels du domaine de l\u2019environnement. Les \u00e9l\u00e8ves seront invit\u00e9s \u00e0 d\u00e9couvrir et \u00e0 comprendre les enjeux li\u00e9s au monde nocturne \u00e0 travers un programme d\u2019activit\u00e9s vari\u00e9es. Des ateliers interactifs et des conf\u00e9rences p\u00e9dagogiques et scientifiques seront propos\u00e9s pour s\u2019adapter \u00e0 ces deux types de public. Cette<\/p>\n","protected":false},"author":6,"featured_media":0,"parent":0,"menu_order":0,"comment_status":"closed","ping_status":"closed","template":"","meta":{"om_disable_all_campaigns":false,"footnotes":""},"class_list":["post-68","page","type-page","status-publish","hentry"],"_links":{"self":[{"href":"https:\/\/www.egpn.fr\/salon-environnement\/aixenprovence\/wp-json\/wp\/v2\/pages\/68","targetHints":{"allow":["GET"]}}],"collection":[{"href":"https:\/\/www.egpn.fr\/salon-environnement\/aixenprovence\/wp-json\/wp\/v2\/pages"}],"about":[{"href":"https:\/\/www.egpn.fr\/salon-environnement\/aixenprovence\/wp-json\/wp\/v2\/types\/page"}],"author":[{"embeddable":true,"href":"https:\/\/www.egpn.fr\/salon-environnement\/aixenprovence\/wp-json\/wp\/v2\/users\/6"}],"replies":[{"embeddable":true,"href":"https:\/\/www.egpn.fr\/salon-environnement\/aixenprovence\/wp-json\/wp\/v2\/comments?post=68"}],"version-history":[{"count":37,"href":"https:\/\/www.egpn.fr\/salon-environnement\/aixenprovence\/wp-json\/wp\/v2\/pages\/68\/revisions"}],"predecessor-version":[{"id":654,"href":"https:\/\/www.egpn.fr\/salon-environnement\/aixenprovence\/wp-json\/wp\/v2\/pages\/68\/revisions\/654"}],"wp:attachment":[{"href":"https:\/\/www.egpn.fr\/salon-environnement\/aixenprovence\/wp-json\/wp\/v2\/media?parent=68"}],"curies":[{"name":"wp","href":"https:\/\/api.w.org\/{rel}","templated":true}]}}