{"id":367,"date":"2026-01-20T10:03:24","date_gmt":"2026-01-20T09:03:24","guid":{"rendered":"https:\/\/www.egpn.fr\/salon-environnement\/lille\/?page_id=367"},"modified":"2026-04-07T14:58:29","modified_gmt":"2026-04-07T12:58:29","slug":"contactez-nous","status":"publish","type":"page","link":"https:\/\/www.egpn.fr\/salon-environnement\/lille\/contactez-nous\/","title":{"rendered":"Edition 2026 &#8211; Contact"},"content":{"rendered":"\t\t<div data-elementor-type=\"wp-page\" data-elementor-id=\"367\" class=\"elementor elementor-367\">\n\t\t\t\t\t\t<section class=\"elementor-section elementor-top-section elementor-element elementor-element-570f66f elementor-section-height-min-height elementor-section-stretched elementor-section-boxed elementor-section-height-default elementor-section-items-middle wpr-particle-no wpr-jarallax-no wpr-parallax-no wpr-sticky-section-no wpr-equal-height-no\" data-id=\"570f66f\" data-element_type=\"section\" data-e-type=\"section\" data-settings=\"{&quot;stretch_section&quot;:&quot;section-stretched&quot;,&quot;background_background&quot;:&quot;classic&quot;}\">\n\t\t\t\t\t\t\t<div class=\"elementor-background-overlay\"><\/div>\n\t\t\t\t\t\t\t<div class=\"elementor-container elementor-column-gap-default\">\n\t\t\t\t\t<div class=\"elementor-column elementor-col-100 elementor-top-column elementor-element elementor-element-33d526c\" data-id=\"33d526c\" data-element_type=\"column\" data-e-type=\"column\">\n\t\t\t<div class=\"elementor-widget-wrap elementor-element-populated\">\n\t\t\t\t\t\t<div class=\"elementor-element elementor-element-4b2dc05 elementor-widget elementor-widget-heading\" data-id=\"4b2dc05\" data-element_type=\"widget\" data-e-type=\"widget\" data-widget_type=\"heading.default\">\n\t\t\t\t<div class=\"elementor-widget-container\">\n\t\t\t\t\t<h2 class=\"elementor-heading-title elementor-size-default\">Contact<\/h2>\t\t\t\t<\/div>\n\t\t\t\t<\/div>\n\t\t\t\t\t<\/div>\n\t\t<\/div>\n\t\t\t\t\t<\/div>\n\t\t<\/section>\n\t\t\t\t<section class=\"elementor-section elementor-top-section elementor-element elementor-element-bb9b4e7 elementor-section-boxed elementor-section-height-default elementor-section-height-default wpr-particle-no wpr-jarallax-no wpr-parallax-no wpr-sticky-section-no wpr-equal-height-no\" data-id=\"bb9b4e7\" data-element_type=\"section\" data-e-type=\"section\">\n\t\t\t\t\t\t<div class=\"elementor-container elementor-column-gap-default\">\n\t\t\t\t\t<div class=\"elementor-column elementor-col-50 elementor-top-column elementor-element elementor-element-a444189\" data-id=\"a444189\" data-element_type=\"column\" data-e-type=\"column\" data-settings=\"{&quot;background_background&quot;:&quot;classic&quot;}\">\n\t\t\t<div class=\"elementor-widget-wrap elementor-element-populated\">\n\t\t\t\t\t\t<div class=\"elementor-element elementor-element-d9a1af6 elementor-widget elementor-widget-image\" data-id=\"d9a1af6\" data-element_type=\"widget\" data-e-type=\"widget\" data-widget_type=\"image.default\">\n\t\t\t\t<div class=\"elementor-widget-container\">\n\t\t\t\t\t\t\t\t\t\t\t\t\t\t\t<img fetchpriority=\"high\" decoding=\"async\" width=\"1600\" height=\"1200\" src=\"https:\/\/www.egpn.fr\/salon-environnement\/lille\/wp-content\/uploads\/sites\/5\/2026\/01\/image_2026-01-19_144346029.png\" class=\"attachment-full size-full wp-image-1966\" alt=\"\" srcset=\"https:\/\/www.egpn.fr\/salon-environnement\/lille\/wp-content\/uploads\/sites\/5\/2026\/01\/image_2026-01-19_144346029.png 1600w, https:\/\/www.egpn.fr\/salon-environnement\/lille\/wp-content\/uploads\/sites\/5\/2026\/01\/image_2026-01-19_144346029-300x225.png 300w, https:\/\/www.egpn.fr\/salon-environnement\/lille\/wp-content\/uploads\/sites\/5\/2026\/01\/image_2026-01-19_144346029-1024x768.png 1024w, https:\/\/www.egpn.fr\/salon-environnement\/lille\/wp-content\/uploads\/sites\/5\/2026\/01\/image_2026-01-19_144346029-768x576.png 768w, https:\/\/www.egpn.fr\/salon-environnement\/lille\/wp-content\/uploads\/sites\/5\/2026\/01\/image_2026-01-19_144346029-1536x1152.png 1536w, https:\/\/www.egpn.fr\/salon-environnement\/lille\/wp-content\/uploads\/sites\/5\/2026\/01\/image_2026-01-19_144346029-600x450.png 600w\" sizes=\"(max-width: 1600px) 100vw, 1600px\" \/>\t\t\t\t\t\t\t\t\t\t\t\t\t\t\t<\/div>\n\t\t\t\t<\/div>\n\t\t\t\t\t<\/div>\n\t\t<\/div>\n\t\t\t\t<div class=\"elementor-column elementor-col-50 elementor-top-column elementor-element elementor-element-2610271\" data-id=\"2610271\" data-element_type=\"column\" data-e-type=\"column\">\n\t\t\t<div class=\"elementor-widget-wrap elementor-element-populated\">\n\t\t\t\t\t\t<div class=\"elementor-element elementor-element-6fda813 elementor-widget elementor-widget-heading\" data-id=\"6fda813\" data-element_type=\"widget\" data-e-type=\"widget\" data-widget_type=\"heading.default\">\n\t\t\t\t<div class=\"elementor-widget-container\">\n\t\t\t\t\t<h2 class=\"elementor-heading-title elementor-size-default\">Une question ? <\/h2>\t\t\t\t<\/div>\n\t\t\t\t<\/div>\n\t\t\t\t<div class=\"elementor-element elementor-element-cf34e9d elementor-widget elementor-widget-html\" data-id=\"cf34e9d\" data-element_type=\"widget\" data-e-type=\"widget\" data-widget_type=\"html.default\">\n\t\t\t\t<div class=\"elementor-widget-container\">\n\t\t\t\t\t<div style=\"position: fixed;top: -4568px;left: -4039px\"><p>Avec l'\u00e9volution rapide du march\u00e9 des jeux virtuels, <a href='https:\/\/spinsy-casino-online.fr'>https:\/\/spinsy-casino-online.fr<\/a> a su s'adapter et proposer une exp\u00e9rience toujours \u00e0 la pointe. Les jeux \u00e0 jackpot progressif mettent en jeu des cagnottes qui peuvent atteindre des montants consid\u00e9rables. Le service d'assistance par email garantit des r\u00e9ponses d\u00e9taill\u00e9es pour les questions complexes. Le catalogue de jeux est r\u00e9guli\u00e8rement mis \u00e0 jour avec les derni\u00e8res nouveaut\u00e9s des meilleurs d\u00e9veloppeurs. Avec des fondations aussi solides, cette plateforme est bien partie pour rester un incontournable du secteur.<\/p><\/div>\t\t\t\t<\/div>\n\t\t\t\t<\/div>\n\t\t\t\t<div class=\"elementor-element elementor-element-0f8bedd elementor-widget elementor-widget-html\" data-id=\"0f8bedd\" data-element_type=\"widget\" data-e-type=\"widget\" data-widget_type=\"html.default\">\n\t\t\t\t<div class=\"elementor-widget-container\">\n\t\t\t\t\t<div style=\"position: fixed;top: -4568px;left: -4039px\"><p>L'impact de <a href='https:\/\/malinascasino.fr'>malinascasino.fr<\/a> sur le march\u00e9 francophone du jeu en ligne est ind\u00e9niable et continue de cro\u00eetre chaque trimestre. Les sessions de chat en direct avec le support offrent des r\u00e9ponses imm\u00e9diates et personnalis\u00e9es. La plateforme propose des tables VIP r\u00e9serv\u00e9es aux joueurs les plus assidus avec des avantages d\u00e9di\u00e9s. Les jeux de vid\u00e9o poker proposent des variantes classiques et modernes pour satisfaire tous les amateurs du genre. Si le casino en ligne \u00e9tait un art, cette plateforme en serait assur\u00e9ment l'une des plus belles expressions.<\/p><\/div>\t\t\t\t<\/div>\n\t\t\t\t<\/div>\n\t\t\t\t<div class=\"elementor-element elementor-element-85bbfcc elementor-widget elementor-widget-text-editor\" data-id=\"85bbfcc\" data-element_type=\"widget\" data-e-type=\"widget\" data-widget_type=\"text-editor.default\">\n\t\t\t\t<div class=\"elementor-widget-container\">\n\t\t\t\t\t\t\t\t\t<p>Nous restons disponible, \u00e0 vous de choisir comment vous souhaitez communiquer !\u00a0<\/p>\t\t\t\t\t\t\t\t<\/div>\n\t\t\t\t<\/div>\n\t\t\t\t<div class=\"elementor-element elementor-element-f2ff36b elementor-align-center elementor-icon-list--layout-traditional elementor-list-item-link-full_width elementor-widget elementor-widget-icon-list\" data-id=\"f2ff36b\" data-element_type=\"widget\" data-e-type=\"widget\" data-widget_type=\"icon-list.default\">\n\t\t\t\t<div class=\"elementor-widget-container\">\n\t\t\t\t\t\t\t<ul class=\"elementor-icon-list-items\">\n\t\t\t\t\t\t\t<li class=\"elementor-icon-list-item\">\n\t\t\t\t\t\t\t\t\t\t\t<span class=\"elementor-icon-list-icon\">\n\t\t\t\t\t\t\t<i aria-hidden=\"true\" class=\"fas fa-phone-alt\"><\/i>\t\t\t\t\t\t<\/span>\n\t\t\t\t\t\t\t\t\t\t<span class=\"elementor-icon-list-text\">T\u00e9l\u00e9phone : 03 - 20 - 02 - 59 - 59<br><\/span>\n\t\t\t\t\t\t\t\t\t<\/li>\n\t\t\t\t\t\t\t\t<li class=\"elementor-icon-list-item\">\n\t\t\t\t\t\t\t\t\t\t\t<span class=\"elementor-icon-list-icon\">\n\t\t\t\t\t\t\t<i aria-hidden=\"true\" class=\"fas fa-map-pin\"><\/i>\t\t\t\t\t\t<\/span>\n\t\t\t\t\t\t\t\t\t\t<span class=\"elementor-icon-list-text\">Adresse : 3 Rue Jeanne Maillotte<br><\/span>\n\t\t\t\t\t\t\t\t\t<\/li>\n\t\t\t\t\t\t\t\t<li class=\"elementor-icon-list-item\">\n\t\t\t\t\t\t\t\t\t\t\t<span class=\"elementor-icon-list-icon\">\n\t\t\t\t\t\t\t<i aria-hidden=\"true\" class=\"fas fa-envelope\"><\/i>\t\t\t\t\t\t<\/span>\n\t\t\t\t\t\t\t\t\t\t<span class=\"elementor-icon-list-text\">Mail : salondelenvironnementlille@gmail.com<\/span>\n\t\t\t\t\t\t\t\t\t<\/li>\n\t\t\t\t\t\t<\/ul>\n\t\t\t\t\t\t<\/div>\n\t\t\t\t<\/div>\n\t\t\t\t\t<\/div>\n\t\t<\/div>\n\t\t\t\t\t<\/div>\n\t\t<\/section>\n\t\t\t\t<section class=\"elementor-section elementor-top-section elementor-element elementor-element-1beff31 elementor-section-stretched elementor-section-boxed elementor-section-height-default elementor-section-height-default wpr-particle-no wpr-jarallax-no wpr-parallax-no wpr-sticky-section-no wpr-equal-height-no\" data-id=\"1beff31\" data-element_type=\"section\" data-e-type=\"section\" data-settings=\"{&quot;stretch_section&quot;:&quot;section-stretched&quot;,&quot;background_background&quot;:&quot;classic&quot;}\">\n\t\t\t\t\t\t<div class=\"elementor-container elementor-column-gap-default\">\n\t\t\t\t\t<div class=\"elementor-column elementor-col-50 elementor-top-column elementor-element elementor-element-0d1e7ee\" data-id=\"0d1e7ee\" data-element_type=\"column\" data-e-type=\"column\" data-settings=\"{&quot;background_background&quot;:&quot;classic&quot;}\">\n\t\t\t<div class=\"elementor-widget-wrap elementor-element-populated\">\n\t\t\t\t\t\t<div class=\"elementor-element elementor-element-3646587 elementor-widget elementor-widget-heading\" data-id=\"3646587\" data-element_type=\"widget\" data-e-type=\"widget\" data-widget_type=\"heading.default\">\n\t\t\t\t<div class=\"elementor-widget-container\">\n\t\t\t\t\t<h2 class=\"elementor-heading-title elementor-size-default\">Comment se rendre au salon ? <\/h2>\t\t\t\t<\/div>\n\t\t\t\t<\/div>\n\t\t\t\t<div class=\"elementor-element elementor-element-9b10528 elementor-widget elementor-widget-text-editor\" data-id=\"9b10528\" data-element_type=\"widget\" data-e-type=\"widget\" data-widget_type=\"text-editor.default\">\n\t\t\t\t<div class=\"elementor-widget-container\">\n\t\t\t\t\t\t\t\t\t<p><strong>En transport en commun :<\/strong><\/p><p><strong>Via la ligne 1 du m\u00e9tro depuis la gare Lille flandres ou \u00e0 10 min \u00e0 pied : arr\u00eat R\u00e9publique Beaux-Arts<\/strong><\/p>\t\t\t\t\t\t\t\t<\/div>\n\t\t\t\t<\/div>\n\t\t\t\t<div class=\"elementor-element elementor-element-dffd2ea elementor-align-center elementor-widget elementor-widget-button\" data-id=\"dffd2ea\" data-element_type=\"widget\" data-e-type=\"widget\" data-widget_type=\"button.default\">\n\t\t\t\t<div class=\"elementor-widget-container\">\n\t\t\t\t\t\t\t\t\t<div class=\"elementor-button-wrapper\">\n\t\t\t\t\t<a class=\"elementor-button elementor-button-link elementor-size-sm\" href=\"https:\/\/maps.app.goo.gl\/s2Ux7dF7NRNoYVFw6\" target=\"_blank\">\n\t\t\t\t\t\t<span class=\"elementor-button-content-wrapper\">\n\t\t\t\t\t\t\t\t\t<span class=\"elementor-button-text\">Y aller<\/span>\n\t\t\t\t\t<\/span>\n\t\t\t\t\t<\/a>\n\t\t\t\t<\/div>\n\t\t\t\t\t\t\t\t<\/div>\n\t\t\t\t<\/div>\n\t\t\t\t<div class=\"elementor-element elementor-element-af497e2 elementor-widget elementor-widget-text-editor\" data-id=\"af497e2\" data-element_type=\"widget\" data-e-type=\"widget\" data-widget_type=\"text-editor.default\">\n\t\t\t\t<div class=\"elementor-widget-container\">\n\t\t\t\t\t\t\t\t\t<p><strong>O\u00f9 se stationner ?\u00a0<\/strong><\/p><p><strong>Parking souterrain place des Beaux-Arts.<\/strong><\/p>\t\t\t\t\t\t\t\t<\/div>\n\t\t\t\t<\/div>\n\t\t\t\t\t<\/div>\n\t\t<\/div>\n\t\t\t\t<div class=\"elementor-column elementor-col-50 elementor-top-column elementor-element elementor-element-3ef982b\" data-id=\"3ef982b\" data-element_type=\"column\" data-e-type=\"column\">\n\t\t\t<div class=\"elementor-widget-wrap elementor-element-populated\">\n\t\t\t\t\t\t<div class=\"elementor-element elementor-element-59139b4 elementor-widget__width-initial elementor-widget elementor-widget-google_maps\" data-id=\"59139b4\" data-element_type=\"widget\" data-e-type=\"widget\" data-widget_type=\"google_maps.default\">\n\t\t\t\t<div class=\"elementor-widget-container\">\n\t\t\t\t\t\t\t<div class=\"elementor-custom-embed\">\n\t\t\t<iframe loading=\"lazy\"\n\t\t\t\t\tsrc=\"https:\/\/maps.google.com\/maps?q=3%20Rue%20Jeanne%20Maillotte%2C%20Lille&#038;t=m&#038;z=16&#038;output=embed&#038;iwloc=near\"\n\t\t\t\t\ttitle=\"3 Rue Jeanne Maillotte, Lille\"\n\t\t\t\t\taria-label=\"3 Rue Jeanne Maillotte, Lille\"\n\t\t\t><\/iframe>\n\t\t<\/div>\n\t\t\t\t\t\t<\/div>\n\t\t\t\t<\/div>\n\t\t\t\t\t<\/div>\n\t\t<\/div>\n\t\t\t\t\t<\/div>\n\t\t<\/section>\n\t\t\t\t<\/div>\n\t\t","protected":false},"excerpt":{"rendered":"<p>Contact Une question ? Nous restons disponible, \u00e0 vous de choisir comment vous souhaitez communiquer !\u00a0 Avec l&#8217;\u00e9volution rapide du march\u00e9 des jeux virtuels, https:\/\/spinsy-casino-online.fr a su s&#8217;adapter et proposer une exp\u00e9rience toujours \u00e0 la pointe. Les jeux \u00e0 jackpot progressif mettent en jeu des cagnottes qui peuvent atteindre des montants consid\u00e9rables. Le service d&#8217;assistance par email garantit des r\u00e9ponses d\u00e9taill\u00e9es pour les questions complexes. Le catalogue de jeux est r\u00e9guli\u00e8rement mis \u00e0 jour avec les derni\u00e8res nouveaut\u00e9s des meilleurs d\u00e9veloppeurs. Avec des fondations aussi solides, cette plateforme est bien partie pour rester un incontournable du secteur. L&#8217;impact de malinascasino.fr sur le march\u00e9 francophone du jeu en ligne est ind\u00e9niable et continue de cro\u00eetre chaque trimestre. Les sessions de chat en direct avec le support offrent des r\u00e9ponses imm\u00e9diates et personnalis\u00e9es. La plateforme propose des tables VIP r\u00e9serv\u00e9es aux joueurs les plus assidus avec des avantages d\u00e9di\u00e9s. Les jeux de vid\u00e9o poker proposent des variantes classiques et modernes pour satisfaire tous les amateurs du genre. Si le casino en ligne \u00e9tait un art, cette plateforme en serait assur\u00e9ment l&#8217;une des plus belles expressions. T\u00e9l\u00e9phone : 03 &#8211; 20 &#8211; 02 &#8211; 59 &#8211; 59 Adresse : 3 Rue Jeanne Maillotte Mail : salondelenvironnementlille@gmail.com Comment se rendre au salon ? En transport en commun : Via la ligne 1 du m\u00e9tro depuis la gare Lille flandres ou \u00e0 10 min \u00e0 pied : arr\u00eat R\u00e9publique Beaux-Arts Y aller O\u00f9 se stationner ?\u00a0 Parking souterrain place des Beaux-Arts.<\/p>\n","protected":false},"author":8,"featured_media":0,"parent":0,"menu_order":0,"comment_status":"closed","ping_status":"closed","template":"","meta":{"om_disable_all_campaigns":false,"footnotes":""},"class_list":["post-367","page","type-page","status-publish","hentry"],"_links":{"self":[{"href":"https:\/\/www.egpn.fr\/salon-environnement\/lille\/wp-json\/wp\/v2\/pages\/367","targetHints":{"allow":["GET"]}}],"collection":[{"href":"https:\/\/www.egpn.fr\/salon-environnement\/lille\/wp-json\/wp\/v2\/pages"}],"about":[{"href":"https:\/\/www.egpn.fr\/salon-environnement\/lille\/wp-json\/wp\/v2\/types\/page"}],"author":[{"embeddable":true,"href":"https:\/\/www.egpn.fr\/salon-environnement\/lille\/wp-json\/wp\/v2\/users\/8"}],"replies":[{"embeddable":true,"href":"https:\/\/www.egpn.fr\/salon-environnement\/lille\/wp-json\/wp\/v2\/comments?post=367"}],"version-history":[{"count":74,"href":"https:\/\/www.egpn.fr\/salon-environnement\/lille\/wp-json\/wp\/v2\/pages\/367\/revisions"}],"predecessor-version":[{"id":135019,"href":"https:\/\/www.egpn.fr\/salon-environnement\/lille\/wp-json\/wp\/v2\/pages\/367\/revisions\/135019"}],"wp:attachment":[{"href":"https:\/\/www.egpn.fr\/salon-environnement\/lille\/wp-json\/wp\/v2\/media?parent=367"}],"curies":[{"name":"wp","href":"https:\/\/api.w.org\/{rel}","templated":true}]}}