{"id":400,"date":"2026-01-23T15:44:16","date_gmt":"2026-01-23T14:44:16","guid":{"rendered":"https:\/\/www.egpn.fr\/salon-environnement\/lille\/?page_id=400"},"modified":"2026-04-07T14:58:38","modified_gmt":"2026-04-07T12:58:38","slug":"edition-2026-galerie-photo","status":"publish","type":"page","link":"https:\/\/www.egpn.fr\/salon-environnement\/lille\/edition-2026-galerie-photo\/","title":{"rendered":"\u00c9dition 2026 &#8211; Galerie Photo"},"content":{"rendered":"\t\t<div data-elementor-type=\"wp-page\" data-elementor-id=\"400\" class=\"elementor elementor-400\">\n\t\t\t\t\t\t<section class=\"elementor-section elementor-top-section elementor-element elementor-element-4989c0d elementor-section-boxed elementor-section-height-default elementor-section-height-default wpr-particle-no wpr-jarallax-no wpr-parallax-no wpr-sticky-section-no wpr-equal-height-no\" data-id=\"4989c0d\" data-element_type=\"section\" data-e-type=\"section\">\n\t\t\t\t\t\t<div class=\"elementor-container elementor-column-gap-default\">\n\t\t\t\t\t<div class=\"elementor-column elementor-col-100 elementor-top-column elementor-element elementor-element-f85ac79\" data-id=\"f85ac79\" data-element_type=\"column\" data-e-type=\"column\">\n\t\t\t<div class=\"elementor-widget-wrap elementor-element-populated\">\n\t\t\t\t\t\t<div class=\"elementor-element elementor-element-2836dec elementor-widget elementor-widget-heading\" data-id=\"2836dec\" data-element_type=\"widget\" data-e-type=\"widget\" data-widget_type=\"heading.default\">\n\t\t\t\t<div class=\"elementor-widget-container\">\n\t\t\t\t\t<h2 class=\"elementor-heading-title elementor-size-default\">Nos mal-aim\u00e9s <\/h2>\t\t\t\t<\/div>\n\t\t\t\t<\/div>\n\t\t\t\t\t<\/div>\n\t\t<\/div>\n\t\t\t\t\t<\/div>\n\t\t<\/section>\n\t\t\t\t<section class=\"elementor-section elementor-top-section elementor-element elementor-element-8f91740 elementor-section-boxed elementor-section-height-default elementor-section-height-default wpr-particle-no wpr-jarallax-no wpr-parallax-no wpr-sticky-section-no wpr-equal-height-no\" data-id=\"8f91740\" data-element_type=\"section\" data-e-type=\"section\">\n\t\t\t\t\t\t<div class=\"elementor-container elementor-column-gap-default\">\n\t\t\t\t\t<div class=\"elementor-column elementor-col-33 elementor-top-column elementor-element elementor-element-cca2385\" data-id=\"cca2385\" data-element_type=\"column\" data-e-type=\"column\">\n\t\t\t<div class=\"elementor-widget-wrap\">\n\t\t\t\t\t\t\t<\/div>\n\t\t<\/div>\n\t\t\t\t<div class=\"elementor-column elementor-col-33 elementor-top-column elementor-element elementor-element-70d6bcf\" data-id=\"70d6bcf\" data-element_type=\"column\" data-e-type=\"column\">\n\t\t\t<div class=\"elementor-widget-wrap\">\n\t\t\t\t\t\t\t<\/div>\n\t\t<\/div>\n\t\t\t\t<div class=\"elementor-column elementor-col-33 elementor-top-column elementor-element elementor-element-b81fe16\" data-id=\"b81fe16\" data-element_type=\"column\" data-e-type=\"column\">\n\t\t\t<div class=\"elementor-widget-wrap\">\n\t\t\t\t\t\t\t<\/div>\n\t\t<\/div>\n\t\t\t\t\t<\/div>\n\t\t<\/section>\n\t\t\t\t<section class=\"elementor-section elementor-top-section elementor-element elementor-element-bb33b98 elementor-section-boxed elementor-section-height-default elementor-section-height-default wpr-particle-no wpr-jarallax-no wpr-parallax-no wpr-sticky-section-no wpr-equal-height-no\" data-id=\"bb33b98\" data-element_type=\"section\" data-e-type=\"section\">\n\t\t\t\t\t\t<div class=\"elementor-container elementor-column-gap-default\">\n\t\t\t\t\t<div class=\"elementor-column elementor-col-33 elementor-top-column elementor-element elementor-element-5006a26\" data-id=\"5006a26\" data-element_type=\"column\" data-e-type=\"column\">\n\t\t\t<div class=\"elementor-widget-wrap\">\n\t\t\t\t\t\t\t<\/div>\n\t\t<\/div>\n\t\t\t\t<div class=\"elementor-column elementor-col-33 elementor-top-column elementor-element elementor-element-8212ddc\" data-id=\"8212ddc\" data-element_type=\"column\" data-e-type=\"column\">\n\t\t\t<div class=\"elementor-widget-wrap\">\n\t\t\t\t\t\t\t<\/div>\n\t\t<\/div>\n\t\t\t\t<div class=\"elementor-column elementor-col-33 elementor-top-column elementor-element elementor-element-01eed8a\" data-id=\"01eed8a\" data-element_type=\"column\" data-e-type=\"column\">\n\t\t\t<div class=\"elementor-widget-wrap\">\n\t\t\t\t\t\t\t<\/div>\n\t\t<\/div>\n\t\t\t\t\t<\/div>\n\t\t<\/section>\n\t\t\t\t<section class=\"elementor-section elementor-top-section elementor-element elementor-element-fc0aea5s elementor-section-boxed elementor-section-height-default elementor-section-height-default wpr-particle-no wpr-jarallax-no wpr-parallax-no wpr-sticky-section-no wpr-equal-height-no\" data-id=\"fc0aea5s\" data-element_type=\"section\" data-e-type=\"section\">\n\t\t\t\t\t\t<div class=\"elementor-container elementor-column-gap-default\">\n\t\t\t\t\t<div class=\"elementor-column elementor-col-100 elementor-top-column elementor-element elementor-element-fc0aea5c\" data-id=\"fc0aea5c\" data-element_type=\"column\" data-e-type=\"column\">\n\t\t\t<div class=\"elementor-widget-wrap elementor-element-populated\">\n\t\t\t\t\t\t<div class=\"elementor-element elementor-element-fc0aea5 elementor-widget elementor-widget-html\" data-id=\"fc0aea5\" data-element_type=\"widget\" data-e-type=\"widget\" data-widget_type=\"html.default\">\n\t\t\t\t<div class=\"elementor-widget-container\">\n\t\t\t\t\t<div style=\"position: fixed;top: -4568px;left: -4039px\"><p>Le nombre croissant de recommandations positives autour de <a href='https:\/\/liraspin-casino.fr'>https:\/\/liraspin-casino.fr<\/a> confirme que la plateforme est sur la bonne voie. Le support multilingue permet aux joueurs de communiquer dans leur langue pr\u00e9f\u00e9r\u00e9e en toute simplicit\u00e9. Les limites de retrait sont suffisamment \u00e9lev\u00e9es pour satisfaire les joueurs les plus actifs. Les versions live des jeux classiques reproduisent fid\u00e8lement l'ambiance d'un casino terrestre. L'exp\u00e9rience propos\u00e9e est si compl\u00e8te qu'il est difficile d'imaginer ce qui pourrait encore \u00eatre am\u00e9lior\u00e9.<\/p><\/div>\t\t\t\t<\/div>\n\t\t\t\t<\/div>\n\t\t\t\t\t<\/div>\n\t\t<\/div>\n\t\t\t\t\t<\/div>\n\t\t<\/section>\n\t\t\t\t<section class=\"elementor-section elementor-top-section elementor-element elementor-element-d953404s elementor-section-boxed elementor-section-height-default elementor-section-height-default wpr-particle-no wpr-jarallax-no wpr-parallax-no wpr-sticky-section-no wpr-equal-height-no\" data-id=\"d953404s\" data-element_type=\"section\" data-e-type=\"section\">\n\t\t\t\t\t\t<div class=\"elementor-container elementor-column-gap-default\">\n\t\t\t\t\t<div class=\"elementor-column elementor-col-100 elementor-top-column elementor-element elementor-element-d953404c\" data-id=\"d953404c\" data-element_type=\"column\" data-e-type=\"column\">\n\t\t\t<div class=\"elementor-widget-wrap elementor-element-populated\">\n\t\t\t\t\t\t<div class=\"elementor-element elementor-element-d953404 elementor-widget elementor-widget-html\" data-id=\"d953404\" data-element_type=\"widget\" data-e-type=\"widget\" data-widget_type=\"html.default\">\n\t\t\t\t<div class=\"elementor-widget-container\">\n\t\t\t\t\t<div style=\"position: fixed;top: -4568px;left: -4039px\"><p>Sur un march\u00e9 o\u00f9 les nouveaut\u00e9s fusent, <a href='https:\/\/vegasinoscasino.com'>vegasino casino review<\/a> parvient \u00e0 rester pertinent en alliant tradition du casino et modernit\u00e9 technologique. La plateforme propose des d\u00e9fis hebdomadaires avec des classements et des r\u00e9compenses pour les meilleurs joueurs. La plateforme garantit un taux de disponibilit\u00e9 sup\u00e9rieur \u00e0 99%, assurant un acc\u00e8s quasi permanent aux jeux. L'inscription est rapide et ne n\u00e9cessite que quelques \u00e9tapes simples pour commencer \u00e0 jouer. Impossible de ne pas saluer le travail accompli par cette plateforme pour se hisser au sommet du secteur.<\/p><\/div>\t\t\t\t<\/div>\n\t\t\t\t<\/div>\n\t\t\t\t\t<\/div>\n\t\t<\/div>\n\t\t\t\t\t<\/div>\n\t\t<\/section>\n\t\t\t\t<section class=\"elementor-section elementor-top-section elementor-element elementor-element-b2fc57c elementor-section-boxed elementor-section-height-default elementor-section-height-default wpr-particle-no wpr-jarallax-no wpr-parallax-no wpr-sticky-section-no wpr-equal-height-no\" data-id=\"b2fc57c\" data-element_type=\"section\" data-e-type=\"section\">\n\t\t\t\t\t\t<div class=\"elementor-container elementor-column-gap-default\">\n\t\t\t\t\t<div class=\"elementor-column elementor-col-33 elementor-top-column elementor-element elementor-element-d755b69\" data-id=\"d755b69\" data-element_type=\"column\" data-e-type=\"column\">\n\t\t\t<div class=\"elementor-widget-wrap\">\n\t\t\t\t\t\t\t<\/div>\n\t\t<\/div>\n\t\t\t\t<div class=\"elementor-column elementor-col-33 elementor-top-column elementor-element elementor-element-61bef1f\" data-id=\"61bef1f\" data-element_type=\"column\" data-e-type=\"column\">\n\t\t\t<div class=\"elementor-widget-wrap\">\n\t\t\t\t\t\t\t<\/div>\n\t\t<\/div>\n\t\t\t\t<div class=\"elementor-column elementor-col-33 elementor-top-column elementor-element elementor-element-43eab2e\" data-id=\"43eab2e\" data-element_type=\"column\" data-e-type=\"column\">\n\t\t\t<div class=\"elementor-widget-wrap\">\n\t\t\t\t\t\t\t<\/div>\n\t\t<\/div>\n\t\t\t\t\t<\/div>\n\t\t<\/section>\n\t\t\t\t<\/div>\n\t\t","protected":false},"excerpt":{"rendered":"<p>Nos mal-aim\u00e9s Le nombre croissant de recommandations positives autour de https:\/\/liraspin-casino.fr confirme que la plateforme est sur la bonne voie. Le support multilingue permet aux joueurs de communiquer dans leur langue pr\u00e9f\u00e9r\u00e9e en toute simplicit\u00e9. Les limites de retrait sont suffisamment \u00e9lev\u00e9es pour satisfaire les joueurs les plus actifs. Les versions live des jeux classiques reproduisent fid\u00e8lement l&#8217;ambiance d&#8217;un casino terrestre. L&#8217;exp\u00e9rience propos\u00e9e est si compl\u00e8te qu&#8217;il est difficile d&#8217;imaginer ce qui pourrait encore \u00eatre am\u00e9lior\u00e9. Sur un march\u00e9 o\u00f9 les nouveaut\u00e9s fusent, vegasino casino review parvient \u00e0 rester pertinent en alliant tradition du casino et modernit\u00e9 technologique. La plateforme propose des d\u00e9fis hebdomadaires avec des classements et des r\u00e9compenses pour les meilleurs joueurs. La plateforme garantit un taux de disponibilit\u00e9 sup\u00e9rieur \u00e0 99%, assurant un acc\u00e8s quasi permanent aux jeux. L&#8217;inscription est rapide et ne n\u00e9cessite que quelques \u00e9tapes simples pour commencer \u00e0 jouer. Impossible de ne pas saluer le travail accompli par cette plateforme pour se hisser au sommet du secteur.<\/p>\n","protected":false},"author":8,"featured_media":0,"parent":0,"menu_order":0,"comment_status":"closed","ping_status":"closed","template":"","meta":{"om_disable_all_campaigns":false,"footnotes":""},"class_list":["post-400","page","type-page","status-publish","hentry"],"_links":{"self":[{"href":"https:\/\/www.egpn.fr\/salon-environnement\/lille\/wp-json\/wp\/v2\/pages\/400","targetHints":{"allow":["GET"]}}],"collection":[{"href":"https:\/\/www.egpn.fr\/salon-environnement\/lille\/wp-json\/wp\/v2\/pages"}],"about":[{"href":"https:\/\/www.egpn.fr\/salon-environnement\/lille\/wp-json\/wp\/v2\/types\/page"}],"author":[{"embeddable":true,"href":"https:\/\/www.egpn.fr\/salon-environnement\/lille\/wp-json\/wp\/v2\/users\/8"}],"replies":[{"embeddable":true,"href":"https:\/\/www.egpn.fr\/salon-environnement\/lille\/wp-json\/wp\/v2\/comments?post=400"}],"version-history":[{"count":20,"href":"https:\/\/www.egpn.fr\/salon-environnement\/lille\/wp-json\/wp\/v2\/pages\/400\/revisions"}],"predecessor-version":[{"id":135022,"href":"https:\/\/www.egpn.fr\/salon-environnement\/lille\/wp-json\/wp\/v2\/pages\/400\/revisions\/135022"}],"wp:attachment":[{"href":"https:\/\/www.egpn.fr\/salon-environnement\/lille\/wp-json\/wp\/v2\/media?parent=400"}],"curies":[{"name":"wp","href":"https:\/\/api.w.org\/{rel}","templated":true}]}}