{"id":350,"date":"2024-10-24T17:47:51","date_gmt":"2024-10-24T15:47:51","guid":{"rendered":"https:\/\/www.egpn.fr\/salon-environnement\/lyon\/?page_id=350"},"modified":"2026-02-23T12:38:56","modified_gmt":"2026-02-23T11:38:56","slug":"notre-equipe","status":"publish","type":"page","link":"https:\/\/www.egpn.fr\/salon-environnement\/lyon\/notre-equipe\/","title":{"rendered":"Notre \u00e9quipe"},"content":{"rendered":"\t\t<div data-elementor-type=\"wp-page\" data-elementor-id=\"350\" class=\"elementor elementor-350\">\n\t\t\t\t\t\t<section class=\"elementor-section elementor-top-section elementor-element elementor-element-5d4f5b4 elementor-section-boxed elementor-section-height-default elementor-section-height-default wpr-particle-no wpr-jarallax-no wpr-parallax-no wpr-sticky-section-no wpr-equal-height-no\" data-id=\"5d4f5b4\" data-element_type=\"section\" data-e-type=\"section\" data-settings=\"{&quot;background_background&quot;:&quot;classic&quot;}\">\n\t\t\t\t\t\t<div class=\"elementor-container elementor-column-gap-default\">\n\t\t\t\t\t<div class=\"elementor-column elementor-col-100 elementor-top-column elementor-element elementor-element-018aa1b\" data-id=\"018aa1b\" data-element_type=\"column\" data-e-type=\"column\">\n\t\t\t<div class=\"elementor-widget-wrap elementor-element-populated\">\n\t\t\t\t\t\t<div class=\"elementor-element elementor-element-540a3ca elementor-widget elementor-widget-image\" data-id=\"540a3ca\" data-element_type=\"widget\" data-e-type=\"widget\" data-widget_type=\"image.default\">\n\t\t\t\t<div class=\"elementor-widget-container\">\n\t\t\t\t\t\t\t\t\t\t\t\t\t\t\t<img decoding=\"async\" src=\"https:\/\/www.egpn.fr\/salon-environnement\/lyon\/wp-content\/plugins\/elementor\/assets\/images\/placeholder.png\" title=\"\" alt=\"\" loading=\"lazy\" \/>\t\t\t\t\t\t\t\t\t\t\t\t\t\t\t<\/div>\n\t\t\t\t<\/div>\n\t\t\t\t<div class=\"elementor-element elementor-element-93303ce elementor-widget elementor-widget-text-editor\" data-id=\"93303ce\" data-element_type=\"widget\" data-e-type=\"widget\" data-widget_type=\"text-editor.default\">\n\t\t\t\t<div class=\"elementor-widget-container\">\n\t\t\t\t\t\t\t\t\t<p>Nous sommes la classe de troisi\u00e8me ann\u00e9e de Bachelor en Gestion et Valorisation Naturaliste \u00e0 l&rsquo;EGPN de Lyon.<\/p><p>Nous sommes heureux de vous accueillir au sein de notre salon durant ces deux jours o\u00f9 vous pourrez \u00e9changer avec nous sur de nombreux sujets.<\/p><p>\u00a0<\/p>\t\t\t\t\t\t\t\t<\/div>\n\t\t\t\t<\/div>\n\t\t\t\t\t<\/div>\n\t\t<\/div>\n\t\t\t\t\t<\/div>\n\t\t<\/section>\n\t\t\t\t<\/div>\n\t\t","protected":false},"excerpt":{"rendered":"<p>Nous sommes la classe de troisi\u00e8me ann\u00e9e de Bachelor en Gestion et Valorisation Naturaliste \u00e0 l&rsquo;EGPN de Lyon. Nous sommes heureux de vous accueillir au sein de notre salon durant ces deux jours o\u00f9 vous pourrez \u00e9changer avec nous sur de nombreux sujets. \u00a0<\/p>\n","protected":false},"author":9,"featured_media":0,"parent":0,"menu_order":0,"comment_status":"closed","ping_status":"closed","template":"","meta":{"om_disable_all_campaigns":false,"footnotes":""},"class_list":["post-350","page","type-page","status-publish","hentry"],"_links":{"self":[{"href":"https:\/\/www.egpn.fr\/salon-environnement\/lyon\/wp-json\/wp\/v2\/pages\/350","targetHints":{"allow":["GET"]}}],"collection":[{"href":"https:\/\/www.egpn.fr\/salon-environnement\/lyon\/wp-json\/wp\/v2\/pages"}],"about":[{"href":"https:\/\/www.egpn.fr\/salon-environnement\/lyon\/wp-json\/wp\/v2\/types\/page"}],"author":[{"embeddable":true,"href":"https:\/\/www.egpn.fr\/salon-environnement\/lyon\/wp-json\/wp\/v2\/users\/9"}],"replies":[{"embeddable":true,"href":"https:\/\/www.egpn.fr\/salon-environnement\/lyon\/wp-json\/wp\/v2\/comments?post=350"}],"version-history":[{"count":42,"href":"https:\/\/www.egpn.fr\/salon-environnement\/lyon\/wp-json\/wp\/v2\/pages\/350\/revisions"}],"predecessor-version":[{"id":1218,"href":"https:\/\/www.egpn.fr\/salon-environnement\/lyon\/wp-json\/wp\/v2\/pages\/350\/revisions\/1218"}],"wp:attachment":[{"href":"https:\/\/www.egpn.fr\/salon-environnement\/lyon\/wp-json\/wp\/v2\/media?parent=350"}],"curies":[{"name":"wp","href":"https:\/\/api.w.org\/{rel}","templated":true}]}}