{"id":525,"date":"2024-12-06T16:21:21","date_gmt":"2024-12-06T15:21:21","guid":{"rendered":"https:\/\/www.egpn.fr\/salon-environnement\/lyon\/?page_id=525"},"modified":"2025-12-10T08:45:14","modified_gmt":"2025-12-10T07:45:14","slug":"programme","status":"publish","type":"page","link":"https:\/\/www.egpn.fr\/salon-environnement\/lyon\/programme\/","title":{"rendered":"Programme"},"content":{"rendered":"\t\t<div data-elementor-type=\"wp-page\" data-elementor-id=\"525\" class=\"elementor elementor-525\">\n\t\t\t\t\t\t<section class=\"elementor-section elementor-top-section elementor-element elementor-element-b8af895 elementor-section-boxed elementor-section-height-default elementor-section-height-default wpr-particle-no wpr-jarallax-no wpr-parallax-no wpr-sticky-section-no wpr-equal-height-no\" data-id=\"b8af895\" data-element_type=\"section\" data-e-type=\"section\">\n\t\t\t\t\t\t<div class=\"elementor-container elementor-column-gap-default\">\n\t\t\t\t\t<div class=\"elementor-column elementor-col-100 elementor-top-column elementor-element elementor-element-5f5905d\" data-id=\"5f5905d\" data-element_type=\"column\" data-e-type=\"column\">\n\t\t\t<div class=\"elementor-widget-wrap elementor-element-populated\">\n\t\t\t\t\t\t\t<\/div>\n\t\t<\/div>\n\t\t\t\t\t<\/div>\n\t\t<\/section>\n\t\t\t\t<section class=\"elementor-section elementor-top-section elementor-element elementor-element-3bdb40d elementor-section-boxed elementor-section-height-default elementor-section-height-default wpr-particle-no wpr-jarallax-no wpr-parallax-no wpr-sticky-section-no wpr-equal-height-no\" data-id=\"3bdb40d\" data-element_type=\"section\" data-e-type=\"section\">\n\t\t\t\t\t\t<div class=\"elementor-container elementor-column-gap-default\">\n\t\t\t\t\t<div class=\"elementor-column elementor-col-100 elementor-top-column elementor-element elementor-element-b10422e\" data-id=\"b10422e\" data-element_type=\"column\" data-e-type=\"column\">\n\t\t\t<div class=\"elementor-widget-wrap elementor-element-populated\">\n\t\t\t\t\t\t<div class=\"elementor-element elementor-element-aaa2b1c elementor-widget elementor-widget-text-editor\" data-id=\"aaa2b1c\" data-element_type=\"widget\" data-e-type=\"widget\" data-widget_type=\"text-editor.default\">\n\t\t\t\t<div class=\"elementor-widget-container\">\n\t\t\t\t\t\t\t\t\t<h1><span style=\"font-weight: normal\">Programme du salon de l&rsquo;environnement de l&rsquo;egpn- lyon\u00a0<\/span><\/h1>\t\t\t\t\t\t\t\t<\/div>\n\t\t\t\t<\/div>\n\t\t\t\t<div class=\"elementor-element elementor-element-8de6e31 elementor-widget elementor-widget-toggle\" data-id=\"8de6e31\" data-element_type=\"widget\" data-e-type=\"widget\" data-widget_type=\"toggle.default\">\n\t\t\t\t<div class=\"elementor-widget-container\">\n\t\t\t\t\t\t\t<div class=\"elementor-toggle\">\n\t\t\t\t\t\t\t<div class=\"elementor-toggle-item\">\n\t\t\t\t\t<div id=\"elementor-tab-title-1481\" class=\"elementor-tab-title\" data-tab=\"1\" role=\"button\" aria-controls=\"elementor-tab-content-1481\" aria-expanded=\"false\">\n\t\t\t\t\t\t\t\t\t\t\t\t<span class=\"elementor-toggle-icon elementor-toggle-icon-left\" aria-hidden=\"true\">\n\t\t\t\t\t\t\t\t\t\t\t\t\t\t\t<span class=\"elementor-toggle-icon-closed\"><i class=\"fas fa-caret-right\"><\/i><\/span>\n\t\t\t\t\t\t\t\t<span class=\"elementor-toggle-icon-opened\"><i class=\"elementor-toggle-icon-opened fas fa-caret-up\"><\/i><\/span>\n\t\t\t\t\t\t\t\t\t\t\t\t\t<\/span>\n\t\t\t\t\t\t\t\t\t\t\t\t<a class=\"elementor-toggle-title\" tabindex=\"0\">Vendredi 7 mars 2025 de 10h \u00e0 20h<\/a>\n\t\t\t\t\t<\/div>\n\n\t\t\t\t\t<div id=\"elementor-tab-content-1481\" class=\"elementor-tab-content elementor-clearfix\" data-tab=\"1\" role=\"region\" aria-labelledby=\"elementor-tab-title-1481\"><p>\u00a0<\/p><p>A partir de 10h :\u00a0<\/p><p><span style=\"font-weight: var( --e-global-typography-text-font-weight )\">&#8211; Animations r\u00e9alis\u00e9es par des \u00e9tudiants de l&rsquo;\u00e9cole :\u00a0<\/span>Le hibou-garou,\u00a0Mini-jeux \u00e0 la\u00a0<span style=\"font-weight: var( --e-global-typography-text-font-weight )\">d\u00e9couverte de la faune nocturne, Le Noctilettre, D\u00e9couvrons ensemble la pollution lumineuse\u00a0<\/span><\/p><p><span style=\"font-weight: var( --e-global-typography-text-font-weight )\">&#8211; Exposition des oeuvres de Carole REBOUL et Baptiste BOURDIER<\/span><\/p><p><span style=\"font-weight: var( --e-global-typography-text-font-weight )\">&#8211; Stand de promotion\u00a0<\/span><\/p><p>De 10h \u00e0 13h : Pr\u00e9sence de l&rsquo;animation \u00ab\u00a0apprendre \u00e0 pister la faune nocturne\u00a0\u00bb r\u00e9alis\u00e9e par la professionnelle de l&rsquo;environnement Chlo\u00e9 Laffay<\/p><p>10h\/17h : Projection du court m\u00e9trage \u00ab\u00a0Voyage cr\u00e9pusculaire et rencontre avec les r\u00e9alisateurs du projet\u00a0<\/p><p>15h45 &#8211; 16h30 : Conf\u00e9rence \u201cLe c\u00f4t\u00e9 sombre de la lumi\u00e8re : comment la pollution lumineuse affecte la\u00a0<span style=\"font-weight: var( --e-global-typography-text-font-weight )\">biodiversit\u00e9\u201d &#8211; Thierry LENGAGNE, chercheur, directeur de recherche, Lyon 1, CNRS<\/span><\/p><h1>18h : Conf\u00e9rence de notre marraine Carole REBOUL :\u00a0 \u00ab\u00a0Il \u00e9tait une fois la nuit\u00a0\u00bb\u00a0<\/h1><\/div>\n\t\t\t\t<\/div>\n\t\t\t\t\t\t\t<div class=\"elementor-toggle-item\">\n\t\t\t\t\t<div id=\"elementor-tab-title-1482\" class=\"elementor-tab-title\" data-tab=\"2\" role=\"button\" aria-controls=\"elementor-tab-content-1482\" aria-expanded=\"false\">\n\t\t\t\t\t\t\t\t\t\t\t\t<span class=\"elementor-toggle-icon elementor-toggle-icon-left\" aria-hidden=\"true\">\n\t\t\t\t\t\t\t\t\t\t\t\t\t\t\t<span class=\"elementor-toggle-icon-closed\"><i class=\"fas fa-caret-right\"><\/i><\/span>\n\t\t\t\t\t\t\t\t<span class=\"elementor-toggle-icon-opened\"><i class=\"elementor-toggle-icon-opened fas fa-caret-up\"><\/i><\/span>\n\t\t\t\t\t\t\t\t\t\t\t\t\t<\/span>\n\t\t\t\t\t\t\t\t\t\t\t\t<a class=\"elementor-toggle-title\" tabindex=\"0\">Samedi 8 mars 2025 de 10h \u00e0 18h <\/a>\n\t\t\t\t\t<\/div>\n\n\t\t\t\t\t<div id=\"elementor-tab-content-1482\" class=\"elementor-tab-content elementor-clearfix\" data-tab=\"2\" role=\"region\" aria-labelledby=\"elementor-tab-title-1482\"><p>A partir de 10h et pour la journ\u00e9e:\u00a0<\/p><p><span style=\"font-weight: var( --e-global-typography-text-font-weight )\">&#8211; Exposition des oeuvres de Carole REBOUL et Baptiste BOURDIER\u00a0\u00a0<\/span><\/p><p><span style=\"font-weight: var( --e-global-typography-text-font-weight )\">&#8211;\u00a0 Pr\u00e9sence des stands des associations environnementales<\/span><\/p><p><span style=\"font-weight: var( --e-global-typography-text-font-weight )\">10h30-11h15 : Conf\u00e9rence chauves-souris\u00a0<\/span><\/p><p>11h 45 : Diffusion du court m\u00e9trage \u00ab\u00a0voyage cr\u00e9pusculaire\u00a0\u00bb et rencontre avec les r\u00e9alisateurs du projet (Cin\u00e9cologia)<\/p><p>14h &#8211; 18h : Stand de sensibilisation aux insectes nocturnes &#8211; Arthropologia<\/p><p>14h &#8211; 14h45 : Conf\u00e9rence Pollution lumineuse &#8211; Dr. Isabelle VAUGLIN, astrophysicienne<\/p><p>15h &#8211; 16h30 : Conf\u00e9rence \u201cChouettes et hiboux\u201d &#8211; Manon CAMBAS, \u00e9ducatrice \u00e0 l\u2019environnement LPO<\/p><h1>17h15 &#8211; 17h45 : Court m\u00e9trage \u201cVivre le sublime\u201d &#8211; Carole REBOUL<\/h1><\/div>\n\t\t\t\t<\/div>\n\t\t\t\t\t\t\t\t<\/div>\n\t\t\t\t\t\t<\/div>\n\t\t\t\t<\/div>\n\t\t\t\t\t<\/div>\n\t\t<\/div>\n\t\t\t\t\t<\/div>\n\t\t<\/section>\n\t\t\t\t<section class=\"elementor-section elementor-top-section elementor-element elementor-element-6ff45ec elementor-section-boxed elementor-section-height-default elementor-section-height-default wpr-particle-no wpr-jarallax-no wpr-parallax-no wpr-sticky-section-no wpr-equal-height-no\" data-id=\"6ff45ec\" data-element_type=\"section\" data-e-type=\"section\">\n\t\t\t\t\t\t<div class=\"elementor-container elementor-column-gap-default\">\n\t\t\t\t\t<div class=\"elementor-column elementor-col-100 elementor-top-column elementor-element elementor-element-476e5db\" data-id=\"476e5db\" data-element_type=\"column\" data-e-type=\"column\">\n\t\t\t<div class=\"elementor-widget-wrap\">\n\t\t\t\t\t\t\t<\/div>\n\t\t<\/div>\n\t\t\t\t\t<\/div>\n\t\t<\/section>\n\t\t\t\t<\/div>\n\t\t","protected":false},"excerpt":{"rendered":"<p>Programme du salon de l&rsquo;environnement de l&rsquo;egpn- lyon\u00a0 Vendredi 7 mars 2025 de 10h \u00e0 20h \u00a0 A partir de 10h :\u00a0 &#8211; Animations r\u00e9alis\u00e9es par des \u00e9tudiants de l&rsquo;\u00e9cole :\u00a0Le hibou-garou,\u00a0Mini-jeux \u00e0 la\u00a0d\u00e9couverte de la faune nocturne, Le Noctilettre, D\u00e9couvrons ensemble la pollution lumineuse\u00a0 &#8211; Exposition des oeuvres de Carole REBOUL et Baptiste BOURDIER &#8211; Stand de promotion\u00a0 De<\/p>\n","protected":false},"author":9,"featured_media":0,"parent":0,"menu_order":0,"comment_status":"closed","ping_status":"closed","template":"","meta":{"om_disable_all_campaigns":false,"footnotes":""},"class_list":["post-525","page","type-page","status-publish","hentry"],"_links":{"self":[{"href":"https:\/\/www.egpn.fr\/salon-environnement\/lyon\/wp-json\/wp\/v2\/pages\/525","targetHints":{"allow":["GET"]}}],"collection":[{"href":"https:\/\/www.egpn.fr\/salon-environnement\/lyon\/wp-json\/wp\/v2\/pages"}],"about":[{"href":"https:\/\/www.egpn.fr\/salon-environnement\/lyon\/wp-json\/wp\/v2\/types\/page"}],"author":[{"embeddable":true,"href":"https:\/\/www.egpn.fr\/salon-environnement\/lyon\/wp-json\/wp\/v2\/users\/9"}],"replies":[{"embeddable":true,"href":"https:\/\/www.egpn.fr\/salon-environnement\/lyon\/wp-json\/wp\/v2\/comments?post=525"}],"version-history":[{"count":67,"href":"https:\/\/www.egpn.fr\/salon-environnement\/lyon\/wp-json\/wp\/v2\/pages\/525\/revisions"}],"predecessor-version":[{"id":995,"href":"https:\/\/www.egpn.fr\/salon-environnement\/lyon\/wp-json\/wp\/v2\/pages\/525\/revisions\/995"}],"wp:attachment":[{"href":"https:\/\/www.egpn.fr\/salon-environnement\/lyon\/wp-json\/wp\/v2\/media?parent=525"}],"curies":[{"name":"wp","href":"https:\/\/api.w.org\/{rel}","templated":true}]}}