{"id":534,"date":"2024-12-06T16:34:04","date_gmt":"2024-12-06T15:34:04","guid":{"rendered":"https:\/\/www.egpn.fr\/salon-environnement\/lyon\/?page_id=534"},"modified":"2026-02-16T13:10:23","modified_gmt":"2026-02-16T12:10:23","slug":"parrainage","status":"publish","type":"page","link":"https:\/\/www.egpn.fr\/salon-environnement\/lyon\/parrainage\/","title":{"rendered":"Parrainage"},"content":{"rendered":"<h2>Notre marraine !!<\/h2>\n<p>\t\t\t\t\t\t\t\t\t\t\t\t\t\t\t<img fetchpriority=\"high\" decoding=\"async\" width=\"225\" height=\"225\" src=\"https:\/\/www.egpn.fr\/salon-environnement\/lyon\/wp-content\/uploads\/sites\/6\/2026\/02\/images-7.jpeg\" alt=\"\" \/>\t\t\t\t\t\t\t\t\t\t\t\t\t\t\t<\/p>\n<p><strong>@ Sandra B\u00e9r\u00e9nice Michel<\/strong><\/p>\n<h2>Nous avons l\u2019honneur d\u2019accueillir Mme Sandra B\u00e9r\u00e9nice Michel en tant que marraine de cet \u00e9v\u00e9nement. Une photographe animali\u00e8re et cin\u00e9aste engag\u00e9 dans la protection de l\u2019environnement.<br \/>\nVous aurez l\u2019occasion de d\u00e9couvrir son talent \u00e0 travers une exposition aux c\u00f4t\u00e9s d\u2019autres photographes.<br \/>\nVous allez pouvoir peut \u00eatre \u00e9changer avec elle sur de nombreux sujets ainsi que sur sa passion la photographie animali\u00e8re<\/h2>\n","protected":false},"excerpt":{"rendered":"<p>Notre marraine !! @ Sandra B\u00e9r\u00e9nice Michel Nous avons l\u2019honneur d\u2019accueillir Mme Sandra B\u00e9r\u00e9nice Michel en tant que marraine de cet \u00e9v\u00e9nement. Une photographe animali\u00e8re et cin\u00e9aste engag\u00e9 dans la protection de l\u2019environnement. Vous aurez l\u2019occasion de d\u00e9couvrir son talent \u00e0 travers une exposition aux c\u00f4t\u00e9s d\u2019autres photographes. Vous allez pouvoir peut \u00eatre \u00e9changer avec elle sur de nombreux sujets<\/p>\n","protected":false},"author":9,"featured_media":0,"parent":0,"menu_order":0,"comment_status":"closed","ping_status":"closed","template":"","meta":{"om_disable_all_campaigns":false,"footnotes":""},"class_list":["post-534","page","type-page","status-publish","hentry"],"_links":{"self":[{"href":"https:\/\/www.egpn.fr\/salon-environnement\/lyon\/wp-json\/wp\/v2\/pages\/534","targetHints":{"allow":["GET"]}}],"collection":[{"href":"https:\/\/www.egpn.fr\/salon-environnement\/lyon\/wp-json\/wp\/v2\/pages"}],"about":[{"href":"https:\/\/www.egpn.fr\/salon-environnement\/lyon\/wp-json\/wp\/v2\/types\/page"}],"author":[{"embeddable":true,"href":"https:\/\/www.egpn.fr\/salon-environnement\/lyon\/wp-json\/wp\/v2\/users\/9"}],"replies":[{"embeddable":true,"href":"https:\/\/www.egpn.fr\/salon-environnement\/lyon\/wp-json\/wp\/v2\/comments?post=534"}],"version-history":[{"count":67,"href":"https:\/\/www.egpn.fr\/salon-environnement\/lyon\/wp-json\/wp\/v2\/pages\/534\/revisions"}],"predecessor-version":[{"id":1208,"href":"https:\/\/www.egpn.fr\/salon-environnement\/lyon\/wp-json\/wp\/v2\/pages\/534\/revisions\/1208"}],"wp:attachment":[{"href":"https:\/\/www.egpn.fr\/salon-environnement\/lyon\/wp-json\/wp\/v2\/media?parent=534"}],"curies":[{"name":"wp","href":"https:\/\/api.w.org\/{rel}","templated":true}]}}