{"id":639,"date":"2025-01-16T17:23:33","date_gmt":"2025-01-16T16:23:33","guid":{"rendered":"https:\/\/www.egpn.fr\/salon-environnement\/lyon\/?page_id=639"},"modified":"2025-02-19T10:08:32","modified_gmt":"2025-02-19T09:08:32","slug":"infos-pratiques","status":"publish","type":"page","link":"https:\/\/www.egpn.fr\/salon-environnement\/lyon\/infos-pratiques\/","title":{"rendered":"Infos pratiques"},"content":{"rendered":"\t\t<div data-elementor-type=\"wp-page\" data-elementor-id=\"639\" class=\"elementor elementor-639\">\n\t\t\t\t\t\t<section class=\"elementor-section elementor-top-section elementor-element elementor-element-05c6d6b elementor-section-boxed elementor-section-height-default elementor-section-height-default wpr-particle-no wpr-jarallax-no wpr-parallax-no wpr-sticky-section-no wpr-equal-height-no\" data-id=\"05c6d6b\" data-element_type=\"section\" data-e-type=\"section\">\n\t\t\t\t\t\t<div class=\"elementor-container elementor-column-gap-default\">\n\t\t\t\t\t<div class=\"elementor-column elementor-col-100 elementor-top-column elementor-element elementor-element-96ad730\" data-id=\"96ad730\" data-element_type=\"column\" data-e-type=\"column\">\n\t\t\t<div class=\"elementor-widget-wrap elementor-element-populated\">\n\t\t\t\t\t\t<div class=\"elementor-element elementor-element-e2231d7 elementor-widget elementor-widget-google_maps\" data-id=\"e2231d7\" data-element_type=\"widget\" data-e-type=\"widget\" data-widget_type=\"google_maps.default\">\n\t\t\t\t<div class=\"elementor-widget-container\">\n\t\t\t\t\t\t\t<div class=\"elementor-custom-embed\">\n\t\t\t<iframe loading=\"lazy\"\n\t\t\t\t\tsrc=\"https:\/\/maps.google.com\/maps?q=3%20rue%20de%20gen%C3%A8ve%20&#038;t=m&#038;z=13&#038;output=embed&#038;iwloc=near\"\n\t\t\t\t\ttitle=\"3 rue de gen\u00e8ve \"\n\t\t\t\t\taria-label=\"3 rue de gen\u00e8ve \"\n\t\t\t><\/iframe>\n\t\t<\/div>\n\t\t\t\t\t\t<\/div>\n\t\t\t\t<\/div>\n\t\t\t\t\t<\/div>\n\t\t<\/div>\n\t\t\t\t\t<\/div>\n\t\t<\/section>\n\t\t\t\t<section class=\"elementor-section elementor-top-section elementor-element elementor-element-c201ee6 elementor-section-boxed elementor-section-height-default elementor-section-height-default wpr-particle-no wpr-jarallax-no wpr-parallax-no wpr-sticky-section-no wpr-equal-height-no\" data-id=\"c201ee6\" data-element_type=\"section\" data-e-type=\"section\">\n\t\t\t\t\t\t<div class=\"elementor-container elementor-column-gap-default\">\n\t\t\t\t\t<div class=\"elementor-column elementor-col-100 elementor-top-column elementor-element elementor-element-0440f1b\" data-id=\"0440f1b\" data-element_type=\"column\" data-e-type=\"column\">\n\t\t\t<div class=\"elementor-widget-wrap\">\n\t\t\t\t\t\t\t<\/div>\n\t\t<\/div>\n\t\t\t\t\t<\/div>\n\t\t<\/section>\n\t\t\t\t<section class=\"elementor-section elementor-top-section elementor-element elementor-element-ee40511 elementor-section-boxed elementor-section-height-default elementor-section-height-default wpr-particle-no wpr-jarallax-no wpr-parallax-no wpr-sticky-section-no wpr-equal-height-no\" data-id=\"ee40511\" data-element_type=\"section\" data-e-type=\"section\">\n\t\t\t\t\t\t<div class=\"elementor-container elementor-column-gap-default\">\n\t\t\t\t\t<div class=\"elementor-column elementor-col-100 elementor-top-column elementor-element elementor-element-738375c\" data-id=\"738375c\" data-element_type=\"column\" data-e-type=\"column\">\n\t\t\t<div class=\"elementor-widget-wrap elementor-element-populated\">\n\t\t\t\t\t\t<div class=\"elementor-element elementor-element-b7b7d93 elementor-widget elementor-widget-text-editor\" data-id=\"b7b7d93\" data-element_type=\"widget\" data-e-type=\"widget\" data-widget_type=\"text-editor.default\">\n\t\t\t\t<div class=\"elementor-widget-container\">\n\t\t\t\t\t\t\t\t\t<p>L\u2019\u00e9cole est situ\u00e9e au 3 rue de Gen\u00e8ve, \u00e0 10 minutes de la gare Lyon part-dieu et \u00e0 quelques m\u00e8tres du :&nbsp;<\/p>\n<ul>\n<li>M\u00e9tro ligne A et B (arr\u00eat Charpennes)<\/li>\n<li>Tram T1 et T4 (arr\u00eat Charpennes)<\/li>\n<li>Bus 70, C16, C17, C2, C3, C6, C12, C19 et K6<\/li>\n<\/ul>\n<p>Le campus est accessible aux personnes \u00e0 mobilit\u00e9 r\u00e9duite.&nbsp;<\/p>\t\t\t\t\t\t\t\t<\/div>\n\t\t\t\t<\/div>\n\t\t\t\t\t<\/div>\n\t\t<\/div>\n\t\t\t\t\t<\/div>\n\t\t<\/section>\n\t\t\t\t<\/div>\n\t\t","protected":false},"excerpt":{"rendered":"<p>L\u2019\u00e9cole est situ\u00e9e au 3 rue de Gen\u00e8ve, \u00e0 10 minutes de la gare Lyon part-dieu et \u00e0 quelques m\u00e8tres du :&nbsp; M\u00e9tro ligne A et B (arr\u00eat Charpennes) Tram T1 et T4 (arr\u00eat Charpennes) Bus 70, C16, C17, C2, C3, C6, C12, C19 et K6 Le campus est accessible aux personnes \u00e0 mobilit\u00e9 r\u00e9duite.&nbsp;<\/p>\n","protected":false},"author":9,"featured_media":0,"parent":0,"menu_order":0,"comment_status":"closed","ping_status":"closed","template":"","meta":{"om_disable_all_campaigns":false,"footnotes":""},"class_list":["post-639","page","type-page","status-publish","hentry"],"_links":{"self":[{"href":"https:\/\/www.egpn.fr\/salon-environnement\/lyon\/wp-json\/wp\/v2\/pages\/639","targetHints":{"allow":["GET"]}}],"collection":[{"href":"https:\/\/www.egpn.fr\/salon-environnement\/lyon\/wp-json\/wp\/v2\/pages"}],"about":[{"href":"https:\/\/www.egpn.fr\/salon-environnement\/lyon\/wp-json\/wp\/v2\/types\/page"}],"author":[{"embeddable":true,"href":"https:\/\/www.egpn.fr\/salon-environnement\/lyon\/wp-json\/wp\/v2\/users\/9"}],"replies":[{"embeddable":true,"href":"https:\/\/www.egpn.fr\/salon-environnement\/lyon\/wp-json\/wp\/v2\/comments?post=639"}],"version-history":[{"count":32,"href":"https:\/\/www.egpn.fr\/salon-environnement\/lyon\/wp-json\/wp\/v2\/pages\/639\/revisions"}],"predecessor-version":[{"id":1101,"href":"https:\/\/www.egpn.fr\/salon-environnement\/lyon\/wp-json\/wp\/v2\/pages\/639\/revisions\/1101"}],"wp:attachment":[{"href":"https:\/\/www.egpn.fr\/salon-environnement\/lyon\/wp-json\/wp\/v2\/media?parent=639"}],"curies":[{"name":"wp","href":"https:\/\/api.w.org\/{rel}","templated":true}]}}